{"id":144,"date":"2022-12-15T11:57:26","date_gmt":"2022-12-15T10:57:26","guid":{"rendered":"https:\/\/www.sportpassionbondues.fr\/?page_id=144"},"modified":"2022-12-27T19:49:54","modified_gmt":"2022-12-27T18:49:54","slug":"anne-steenhuys","status":"publish","type":"page","link":"https:\/\/www.sportpassionbondues.fr\/index.php\/anne-steenhuys\/","title":{"rendered":"Anne Steenhuyse"},"content":{"rendered":"\n<p>Anne vous propose un cours de renforcement musculaire tout en musique, avec utilisation de mat\u00e9riel comme des \u00e9lastiques, des b\u00e2tons et ballons. <\/p>\n\n\n\n<p>Le cours commence par une marche active , sportive ou LIA ( petite chor\u00e9graphie ) et se termine par une s\u00e9ance de relaxation.<\/p>\n\n\n\n<p><\/p>\n\n\n\n<figure class=\"wp-block-gallery has-nested-images columns-default is-cropped wp-block-gallery-1 is-layout-flex wp-block-gallery-is-layout-flex\">\n<figure class=\"wp-block-image size-large\"><img loading=\"lazy\" decoding=\"async\" width=\"481\" height=\"792\" data-id=\"173\" src=\"https:\/\/www.sportpassionbondues.fr\/wp-content\/uploads\/2022\/12\/IMG-20221109-WA000111.jpg\" alt=\"\" class=\"wp-image-173\" srcset=\"https:\/\/www.sportpassionbondues.fr\/wp-content\/uploads\/2022\/12\/IMG-20221109-WA000111.jpg 481w, https:\/\/www.sportpassionbondues.fr\/wp-content\/uploads\/2022\/12\/IMG-20221109-WA000111-182x300.jpg 182w, https:\/\/www.sportpassionbondues.fr\/wp-content\/uploads\/2022\/12\/IMG-20221109-WA000111-164x270.jpg 164w\" sizes=\"auto, (max-width: 481px) 100vw, 481px\" \/><\/figure>\n<\/figure>\n","protected":false},"excerpt":{"rendered":"<p>Anne vous propose un cours de renforcement musculaire tout en musique, avec utilisation de mat\u00e9riel comme des \u00e9lastiques, des b\u00e2tons et ballons. Le cours commence par une marche active , sportive ou LIA ( petite chor\u00e9graphie ) et se termine par une s\u00e9ance de relaxation.<\/p>\n","protected":false},"author":1,"featured_media":0,"parent":0,"menu_order":0,"comment_status":"closed","ping_status":"closed","template":"","meta":{"footnotes":""},"class_list":["post-144","page","type-page","status-publish","hentry"],"_links":{"self":[{"href":"https:\/\/www.sportpassionbondues.fr\/index.php\/wp-json\/wp\/v2\/pages\/144","targetHints":{"allow":["GET"]}}],"collection":[{"href":"https:\/\/www.sportpassionbondues.fr\/index.php\/wp-json\/wp\/v2\/pages"}],"about":[{"href":"https:\/\/www.sportpassionbondues.fr\/index.php\/wp-json\/wp\/v2\/types\/page"}],"author":[{"embeddable":true,"href":"https:\/\/www.sportpassionbondues.fr\/index.php\/wp-json\/wp\/v2\/users\/1"}],"replies":[{"embeddable":true,"href":"https:\/\/www.sportpassionbondues.fr\/index.php\/wp-json\/wp\/v2\/comments?post=144"}],"version-history":[{"count":6,"href":"https:\/\/www.sportpassionbondues.fr\/index.php\/wp-json\/wp\/v2\/pages\/144\/revisions"}],"predecessor-version":[{"id":174,"href":"https:\/\/www.sportpassionbondues.fr\/index.php\/wp-json\/wp\/v2\/pages\/144\/revisions\/174"}],"wp:attachment":[{"href":"https:\/\/www.sportpassionbondues.fr\/index.php\/wp-json\/wp\/v2\/media?parent=144"}],"curies":[{"name":"wp","href":"https:\/\/api.w.org\/{rel}","templated":true}]}}