{"id":425,"date":"2025-05-29T15:35:51","date_gmt":"2025-05-29T13:35:51","guid":{"rendered":"https:\/\/www.sportpassionbondues.fr\/?page_id=425"},"modified":"2025-06-22T16:43:01","modified_gmt":"2025-06-22T14:43:01","slug":"modalites-dinscription-2025-2026","status":"publish","type":"page","link":"https:\/\/www.sportpassionbondues.fr\/index.php\/modalites-dinscription-2025-2026\/","title":{"rendered":"Modalit\u00e9s d&rsquo;inscription 2025-2026"},"content":{"rendered":"\n<p class=\"has-text-align-left\" style=\"font-size:25px\"><strong>Inscriptions physiques<\/strong><\/p>\n\n\n\n<p>\u00c0 l&rsquo;Espace Sportif de Bondues, Centre Poher, Chemin Saint-Georges, de 18h \u00e0 20h : <\/p>\n\n\n\n<ul class=\"wp-block-list\">\n<li>Mercredi 25 juin<\/li>\n\n\n\n<li>Jeudi 26 juin<\/li>\n\n\n\n<li>Mardi 1er juillet<\/li>\n<\/ul>\n\n\n\n<p style=\"font-size:25px\"><strong>Inscriptions par courrier<\/strong><\/p>\n\n\n\n<ul class=\"wp-block-list\">\n<li>Uniquement entre le 16 juin et le 6 juillet 2025 : \u00e0 d\u00e9poser dans la boite verte face \u00e0 la mairie ou par la poste, en affranchissant votre courrier : \u00ab\u00a0Sport Passion Bondues, 17 place de l&rsquo;Abb\u00e9 Bonpain 59910 Bondues\u00a0\u00bb.<\/li>\n<\/ul>\n\n\n\n<div style=\"height:20px\" aria-hidden=\"true\" class=\"wp-block-spacer\"><\/div>\n\n\n\n<h3 class=\"has-text-align-center has-vivid-red-color has-text-color wp-block-heading\">ATTENTION<\/h3>\n\n\n\n<p class=\"has-text-align-center has-vivid-red-color has-text-color\">Inscription uniquement ouverte aux renouvellements d&rsquo;inscriptions + nouveaux Bonduois.<\/p>\n\n\n\n<p class=\"has-text-align-center has-vivid-red-color has-text-color\">Pas de nouvelles inscriptions pour les non Bonduois.<\/p>\n\n\n\n<p class=\"has-text-align-center has-vivid-red-color has-text-color\">Les inscriptions en dehors de ces dates sont susceptibles de ne pas \u00eatre prises en compte.<\/p>\n\n\n\n<div style=\"height:50px\" aria-hidden=\"true\" class=\"wp-block-spacer\"><\/div>\n\n\n\n<h2 class=\"wp-block-heading\">Documents n\u00e9cessaires <\/h2>\n\n\n\n<h3 class=\"wp-block-heading\">Pour tous<\/h3>\n\n\n\n<ul class=\"wp-block-list\">\n<li>Un certificat m\u00e9dical obligatoire de moins de 6 moins (ou d\u00e9charge sign\u00e9e, voir mod\u00e8le \u00e0 imprimer ci-dessous)<\/li>\n\n\n\n<li>Un ch\u00e8que de cotisation libell\u00e9 au nom de Sport Passion Bondues<\/li>\n\n\n\n<li>1 enveloppe timbr\u00e9e \u00e0 votre nom et adresse (si dossier envoy\u00e9 par courrier)<\/li>\n<\/ul>\n\n\n\n<h3 class=\"wp-block-heading\">Pour les renouvellements d&rsquo;inscription<\/h3>\n\n\n\n<ul class=\"wp-block-list\">\n<li>Votre carte de membre 2024-2025<\/li>\n\n\n\n<li>2 photos d&rsquo;identit\u00e9 si votre carte est \u00e0 refaire<\/li>\n<\/ul>\n\n\n\n<h3 class=\"wp-block-heading\">Pour les nouvelles inscriptions<\/h3>\n\n\n\n<ul class=\"wp-block-list\">\n<li>2 photos d&rsquo;identit\u00e9<\/li>\n\n\n\n<li>La fiche de renseignements (\u00e0 t\u00e9l\u00e9charger et \u00e0 remplir en majuscule)<\/li>\n<\/ul>\n\n\n\n<div style=\"height:50px\" aria-hidden=\"true\" class=\"wp-block-spacer\"><\/div>\n\n\n\n<h2 class=\"wp-block-heading\">Cotisation annuelle <\/h2>\n\n\n\n<ul class=\"wp-block-list\">\n<li>Tarif unique Bonduois : 80\u20ac<\/li>\n\n\n\n<li>Tarif unique non Bonduois : 100\u20ac<\/li>\n\n\n\n<li>Tarif pour la marche seule : 15\u20ac<\/li>\n<\/ul>\n\n\n\n<p>Votre cotisation implique une adh\u00e9sion \u00e0 une association, elle ne pourra faire l&rsquo;objet d&rsquo;un quelconque remboursement et vous engage \u00e0 respecter le <a rel=\"noreferrer noopener\" href=\"https:\/\/www.sportpassionbondues.fr\/index.php\/reglement-interieur\/\" data-type=\"URL\" data-id=\"https:\/\/www.sportpassionbondues.fr\/index.php\/reglement-interieur\/\" target=\"_blank\">r\u00e8glement int\u00e9rieur<\/a>. <\/p>\n\n\n\n<div style=\"height:50px\" aria-hidden=\"true\" class=\"wp-block-spacer\"><\/div>\n\n\n\n<h2 class=\"wp-block-heading\">Documents utiles <\/h2>\n\n\n\n<h3 class=\"wp-block-heading\">Fiche de renseignements uniquement pour les nouveaux adh\u00e9rents (ou changement d adresse)<\/h3>\n\n\n\n<div class=\"wp-block-file\"><a id=\"wp-block-file--media-c887c326-2348-4ed0-826b-95c56ca92f89\" href=\"https:\/\/www.sportpassionbondues.fr\/wp-content\/uploads\/2025\/05\/fiche-renseignements-2025-2026.docx\">fiche-renseignements-2025-2026<\/a><a href=\"https:\/\/www.sportpassionbondues.fr\/wp-content\/uploads\/2025\/05\/fiche-renseignements-2025-2026.docx\" class=\"wp-block-file__button wp-element-button\" download aria-describedby=\"wp-block-file--media-c887c326-2348-4ed0-826b-95c56ca92f89\">T\u00e9l\u00e9charger<\/a><\/div>\n\n\n\n<h3 class=\"wp-block-heading\">Lettre de d\u00e9charge<\/h3>\n\n\n\n<div class=\"wp-block-file\"><a id=\"wp-block-file--media-5d1f0667-b3cc-4aaa-ae74-9b632c92ed23\" href=\"https:\/\/www.sportpassionbondues.fr\/wp-content\/uploads\/2025\/05\/lettre-de-decharge-2025-2026.docx\">lettre de d\u00e9charge 2025-2026<\/a><a href=\"https:\/\/www.sportpassionbondues.fr\/wp-content\/uploads\/2025\/05\/lettre-de-decharge-2025-2026.docx\" class=\"wp-block-file__button wp-element-button\" download aria-describedby=\"wp-block-file--media-5d1f0667-b3cc-4aaa-ae74-9b632c92ed23\">T\u00e9l\u00e9charger<\/a><\/div>\n\n\n\n<h3 class=\"wp-block-heading\">Planning 2025-2026<\/h3>\n\n\n\n<figure class=\"wp-block-image size-large\"><img loading=\"lazy\" decoding=\"async\" width=\"1024\" height=\"552\" src=\"https:\/\/www.sportpassionbondues.fr\/wp-content\/uploads\/2025\/06\/2025-2026_SPB_planning-1024x552.png\" alt=\"\" class=\"wp-image-592\" srcset=\"https:\/\/www.sportpassionbondues.fr\/wp-content\/uploads\/2025\/06\/2025-2026_SPB_planning-1024x552.png 1024w, https:\/\/www.sportpassionbondues.fr\/wp-content\/uploads\/2025\/06\/2025-2026_SPB_planning-300x162.png 300w, https:\/\/www.sportpassionbondues.fr\/wp-content\/uploads\/2025\/06\/2025-2026_SPB_planning-768x414.png 768w, https:\/\/www.sportpassionbondues.fr\/wp-content\/uploads\/2025\/06\/2025-2026_SPB_planning-501x270.png 501w, https:\/\/www.sportpassionbondues.fr\/wp-content\/uploads\/2025\/06\/2025-2026_SPB_planning.png 1066w\" sizes=\"auto, (max-width: 1024px) 100vw, 1024px\" \/><\/figure>\n\n\n\n<div class=\"wp-block-file\"><a id=\"wp-block-file--media-85d768a2-27bb-4234-8377-3f7c6c407e69\" href=\"https:\/\/www.sportpassionbondues.fr\/wp-content\/uploads\/2025\/06\/2025-2026_SPB_planning-2.pdf\">2025-2026_SPB_planning<\/a><a href=\"https:\/\/www.sportpassionbondues.fr\/wp-content\/uploads\/2025\/06\/2025-2026_SPB_planning-2.pdf\" class=\"wp-block-file__button wp-element-button\" download aria-describedby=\"wp-block-file--media-85d768a2-27bb-4234-8377-3f7c6c407e69\">T\u00e9l\u00e9charger<\/a><\/div>\n","protected":false},"excerpt":{"rendered":"<p>Inscriptions physiques \u00c0 l&rsquo;Espace Sportif de Bondues, Centre Poher, Chemin Saint-Georges, de 18h \u00e0 20h : Inscriptions par courrier ATTENTION Inscription uniquement ouverte aux renouvellements d&rsquo;inscriptions + nouveaux Bonduois. Pas de nouvelles inscriptions pour les non Bonduois. Les inscriptions en dehors de ces dates sont susceptibles de ne pas \u00eatre prises en compte. Documents n\u00e9cessaires Pour tous Pour les renouvellements d&rsquo;inscription Pour les nouvelles inscriptions Cotisation annuelle Votre cotisation implique une adh\u00e9sion \u00e0 une association, elle ne pourra faire l&rsquo;objet&#8230;<\/p>\n<p class=\"read-more\"><a class=\"btn btn-default\" href=\"https:\/\/www.sportpassionbondues.fr\/index.php\/modalites-dinscription-2025-2026\/\">Lire la suite<span class=\"screen-reader-text\"> Lire la suite<\/span><\/a><\/p>\n","protected":false},"author":1,"featured_media":0,"parent":0,"menu_order":0,"comment_status":"closed","ping_status":"closed","template":"","meta":{"footnotes":""},"class_list":["post-425","page","type-page","status-publish","hentry"],"_links":{"self":[{"href":"https:\/\/www.sportpassionbondues.fr\/index.php\/wp-json\/wp\/v2\/pages\/425","targetHints":{"allow":["GET"]}}],"collection":[{"href":"https:\/\/www.sportpassionbondues.fr\/index.php\/wp-json\/wp\/v2\/pages"}],"about":[{"href":"https:\/\/www.sportpassionbondues.fr\/index.php\/wp-json\/wp\/v2\/types\/page"}],"author":[{"embeddable":true,"href":"https:\/\/www.sportpassionbondues.fr\/index.php\/wp-json\/wp\/v2\/users\/1"}],"replies":[{"embeddable":true,"href":"https:\/\/www.sportpassionbondues.fr\/index.php\/wp-json\/wp\/v2\/comments?post=425"}],"version-history":[{"count":19,"href":"https:\/\/www.sportpassionbondues.fr\/index.php\/wp-json\/wp\/v2\/pages\/425\/revisions"}],"predecessor-version":[{"id":599,"href":"https:\/\/www.sportpassionbondues.fr\/index.php\/wp-json\/wp\/v2\/pages\/425\/revisions\/599"}],"wp:attachment":[{"href":"https:\/\/www.sportpassionbondues.fr\/index.php\/wp-json\/wp\/v2\/media?parent=425"}],"curies":[{"name":"wp","href":"https:\/\/api.w.org\/{rel}","templated":true}]}}