{"id":61,"date":"2022-09-09T08:13:40","date_gmt":"2022-09-09T06:13:40","guid":{"rendered":"https:\/\/www.sportpassionbondues.fr\/?page_id=61"},"modified":"2022-09-09T08:13:40","modified_gmt":"2022-09-09T06:13:40","slug":"stephanie-vandermeersch","status":"publish","type":"page","link":"https:\/\/www.sportpassionbondues.fr\/index.php\/stephanie-vandermeersch\/","title":{"rendered":"St\u00e9phanie Vandermeersch"},"content":{"rendered":"\n<p>Bonjour \u00e0 toutes et \u00e0 tous,<\/p>\n\n\n\n<p>Je me pr\u00e9sente St\u00e9phanie Cossart-Vandermeersch, dipl\u00f4m\u00e9e d&rsquo;\u00e9tat m\u00e9tiers de la forme depuis 1997 et licenci\u00e9e\u00a0 en stretching postural depuis 2001.<\/p>\n\n\n\n<p>Je donne cours le :<\/p>\n\n\n\n<p>Le mardi en stretching postural de 9 \u00e0 11 h et en body-sculpt de 11 \u00e0 12h.<\/p>\n\n\n\n<p>Le mercredi de 17h30 \u00e0 19h30 en stretching postural.<\/p>\n\n\n\n<p>Le vendredi de 9 \u00e0 10h en body-sculpt et de 10 heures \u00e0 12 h en stretching postural.<\/p>\n\n\n\n<p>Voici une aide pour mieux comprendre les d\u00e9signations et les contenus des cours :<\/p>\n\n\n\n<p><strong>Body-sculpt<\/strong> : renforcement musculaire du corps.<\/p>\n\n\n\n<p><strong>Stretching<\/strong> : technique globale non dynamique qui agit particuli\u00e8rement sur vos muscles profonds.<\/p>\n\n\n\n<p>Pour toute autre question, je me tiens \u00e0 votre disposition sportivement , St\u00e9phanie.<\/p>\n","protected":false},"excerpt":{"rendered":"<p>Bonjour \u00e0 toutes et \u00e0 tous, Je me pr\u00e9sente St\u00e9phanie Cossart-Vandermeersch, dipl\u00f4m\u00e9e d&rsquo;\u00e9tat m\u00e9tiers de la forme depuis 1997 et licenci\u00e9e\u00a0 en stretching postural depuis 2001. Je donne cours le : Le mardi en stretching postural de 9 \u00e0 11 h et en body-sculpt de 11 \u00e0 12h. Le mercredi de 17h30 \u00e0 19h30 en stretching postural. Le vendredi de 9 \u00e0 10h en body-sculpt et de 10 heures \u00e0 12 h en stretching postural. Voici une aide pour mieux&#8230;<\/p>\n<p class=\"read-more\"><a class=\"btn btn-default\" href=\"https:\/\/www.sportpassionbondues.fr\/index.php\/stephanie-vandermeersch\/\">Lire la suite<span class=\"screen-reader-text\"> Lire la suite<\/span><\/a><\/p>\n","protected":false},"author":1,"featured_media":0,"parent":0,"menu_order":0,"comment_status":"closed","ping_status":"closed","template":"","meta":{"footnotes":""},"class_list":["post-61","page","type-page","status-publish","hentry"],"_links":{"self":[{"href":"https:\/\/www.sportpassionbondues.fr\/index.php\/wp-json\/wp\/v2\/pages\/61","targetHints":{"allow":["GET"]}}],"collection":[{"href":"https:\/\/www.sportpassionbondues.fr\/index.php\/wp-json\/wp\/v2\/pages"}],"about":[{"href":"https:\/\/www.sportpassionbondues.fr\/index.php\/wp-json\/wp\/v2\/types\/page"}],"author":[{"embeddable":true,"href":"https:\/\/www.sportpassionbondues.fr\/index.php\/wp-json\/wp\/v2\/users\/1"}],"replies":[{"embeddable":true,"href":"https:\/\/www.sportpassionbondues.fr\/index.php\/wp-json\/wp\/v2\/comments?post=61"}],"version-history":[{"count":1,"href":"https:\/\/www.sportpassionbondues.fr\/index.php\/wp-json\/wp\/v2\/pages\/61\/revisions"}],"predecessor-version":[{"id":62,"href":"https:\/\/www.sportpassionbondues.fr\/index.php\/wp-json\/wp\/v2\/pages\/61\/revisions\/62"}],"wp:attachment":[{"href":"https:\/\/www.sportpassionbondues.fr\/index.php\/wp-json\/wp\/v2\/media?parent=61"}],"curies":[{"name":"wp","href":"https:\/\/api.w.org\/{rel}","templated":true}]}}