{"id":612,"date":"2025-09-13T09:12:43","date_gmt":"2025-09-13T07:12:43","guid":{"rendered":"https:\/\/www.sportpassionbondues.fr\/?page_id=612"},"modified":"2026-03-15T09:29:41","modified_gmt":"2026-03-15T08:29:41","slug":"planning-2025-2026","status":"publish","type":"page","link":"https:\/\/www.sportpassionbondues.fr\/index.php\/planning-2025-2026\/","title":{"rendered":"Planning 2025-2026"},"content":{"rendered":"\n<figure class=\"wp-block-table\"><table class=\"has-fixed-layout\"><tbody><tr><td class=\"has-text-align-center\" data-align=\"center\" colspan=\"14\"><strong>Les cours sont r\u00e9serv\u00e9s aux membres titulaires d&rsquo;une carte d&rsquo;adh\u00e9rent en cours de validit\u00e9<\/strong><\/td><\/tr><\/tbody><\/table><\/figure>\n\n\n\n<figure class=\"wp-block-image size-large\"><img loading=\"lazy\" decoding=\"async\" width=\"1024\" height=\"573\" src=\"https:\/\/www.sportpassionbondues.fr\/wp-content\/uploads\/2026\/03\/planning-1024x573.png\" alt=\"\" class=\"wp-image-824\" srcset=\"https:\/\/www.sportpassionbondues.fr\/wp-content\/uploads\/2026\/03\/planning-1024x573.png 1024w, https:\/\/www.sportpassionbondues.fr\/wp-content\/uploads\/2026\/03\/planning-300x168.png 300w, https:\/\/www.sportpassionbondues.fr\/wp-content\/uploads\/2026\/03\/planning-768x430.png 768w, https:\/\/www.sportpassionbondues.fr\/wp-content\/uploads\/2026\/03\/planning-482x270.png 482w, https:\/\/www.sportpassionbondues.fr\/wp-content\/uploads\/2026\/03\/planning.png 1134w\" sizes=\"auto, (max-width: 1024px) 100vw, 1024px\" \/><\/figure>\n\n\n\n<p><\/p>\n","protected":false},"excerpt":{"rendered":"<p>Les cours sont r\u00e9serv\u00e9s aux membres titulaires d&rsquo;une carte d&rsquo;adh\u00e9rent en cours de validit\u00e9<\/p>\n","protected":false},"author":1,"featured_media":0,"parent":0,"menu_order":0,"comment_status":"closed","ping_status":"closed","template":"","meta":{"footnotes":""},"class_list":["post-612","page","type-page","status-publish","hentry"],"_links":{"self":[{"href":"https:\/\/www.sportpassionbondues.fr\/index.php\/wp-json\/wp\/v2\/pages\/612","targetHints":{"allow":["GET"]}}],"collection":[{"href":"https:\/\/www.sportpassionbondues.fr\/index.php\/wp-json\/wp\/v2\/pages"}],"about":[{"href":"https:\/\/www.sportpassionbondues.fr\/index.php\/wp-json\/wp\/v2\/types\/page"}],"author":[{"embeddable":true,"href":"https:\/\/www.sportpassionbondues.fr\/index.php\/wp-json\/wp\/v2\/users\/1"}],"replies":[{"embeddable":true,"href":"https:\/\/www.sportpassionbondues.fr\/index.php\/wp-json\/wp\/v2\/comments?post=612"}],"version-history":[{"count":7,"href":"https:\/\/www.sportpassionbondues.fr\/index.php\/wp-json\/wp\/v2\/pages\/612\/revisions"}],"predecessor-version":[{"id":827,"href":"https:\/\/www.sportpassionbondues.fr\/index.php\/wp-json\/wp\/v2\/pages\/612\/revisions\/827"}],"wp:attachment":[{"href":"https:\/\/www.sportpassionbondues.fr\/index.php\/wp-json\/wp\/v2\/media?parent=612"}],"curies":[{"name":"wp","href":"https:\/\/api.w.org\/{rel}","templated":true}]}}