{"id":647,"date":"2025-09-29T13:47:18","date_gmt":"2025-09-29T11:47:18","guid":{"rendered":"https:\/\/www.sportpassionbondues.fr\/?page_id=647"},"modified":"2025-09-29T13:56:07","modified_gmt":"2025-09-29T11:56:07","slug":"charlotte-dekeyser","status":"publish","type":"page","link":"https:\/\/www.sportpassionbondues.fr\/index.php\/charlotte-dekeyser\/","title":{"rendered":"Charlotte Dekeyser"},"content":{"rendered":"<div class=\"wp-block-image is-style-rounded\">\n<figure class=\"aligncenter size-large is-resized\"><img loading=\"lazy\" decoding=\"async\" width=\"768\" height=\"1024\" src=\"https:\/\/www.sportpassionbondues.fr\/wp-content\/uploads\/2025\/09\/P9182175-768x1024.jpg\" alt=\"\" class=\"wp-image-648\" style=\"width:176px;height:auto\" srcset=\"https:\/\/www.sportpassionbondues.fr\/wp-content\/uploads\/2025\/09\/P9182175-768x1024.jpg 768w, https:\/\/www.sportpassionbondues.fr\/wp-content\/uploads\/2025\/09\/P9182175-225x300.jpg 225w, https:\/\/www.sportpassionbondues.fr\/wp-content\/uploads\/2025\/09\/P9182175-1152x1536.jpg 1152w, https:\/\/www.sportpassionbondues.fr\/wp-content\/uploads\/2025\/09\/P9182175-1536x2048.jpg 1536w, https:\/\/www.sportpassionbondues.fr\/wp-content\/uploads\/2025\/09\/P9182175-203x270.jpg 203w, https:\/\/www.sportpassionbondues.fr\/wp-content\/uploads\/2025\/09\/P9182175.jpg 1737w\" sizes=\"auto, (max-width: 768px) 100vw, 768px\" \/><\/figure>\n<\/div>\n\n\n<p>Apr\u00e8s 20 ans d\u2019exp\u00e9rience en tant que d\u00e9coratrice d\u2019int\u00e9rieur, j\u2019ai ressenti le besoin de me recentrer sur l\u2019essentiel et de renouer avec ma v\u00e9ritable passion : la danse. Pratiquant la gymnastique et la danse depuis mon plus jeune \u00e2ge, j\u2019ai entrepris une reconversion professionnelle en suivant une formation d\u2019un an pour devenir coach fitness.<\/p>\n\n\n\n<p>Aujourd\u2019hui, je suis sp\u00e9cialis\u00e9e dans le fitness danse, le pilates, le renforcement musculaire et le cardio. Depuis un an, j\u2019ai la chance d\u2019exercer ce m\u00e9tier avec passion et de transmettre mon \u00e9nergie \u00e0 mes \u00e9l\u00e8ves.<\/p>\n\n\n\n<p>Chez&nbsp;Sport Passion, je vous propose diff\u00e9rents cours de Fitness: Renfo, Pilates, Zumba et LIA<\/p>\n\n\n\n<p>Que vous soyez d\u00e9butant ou confirm\u00e9, ces s\u00e9ances sont con\u00e7ues pour vous aider \u00e0 vous d\u00e9passer dans la bonne humeur.<\/p>\n\n\n<div class=\"wp-block-image\">\n<figure class=\"alignright size-large is-resized\"><img loading=\"lazy\" decoding=\"async\" width=\"683\" height=\"1024\" src=\"https:\/\/www.sportpassionbondues.fr\/wp-content\/uploads\/2025\/09\/DSCF8756-1-683x1024.jpg\" alt=\"\" class=\"wp-image-650\" style=\"width:240px;height:auto\" srcset=\"https:\/\/www.sportpassionbondues.fr\/wp-content\/uploads\/2025\/09\/DSCF8756-1-683x1024.jpg 683w, https:\/\/www.sportpassionbondues.fr\/wp-content\/uploads\/2025\/09\/DSCF8756-1-200x300.jpg 200w, https:\/\/www.sportpassionbondues.fr\/wp-content\/uploads\/2025\/09\/DSCF8756-1-768x1151.jpg 768w, https:\/\/www.sportpassionbondues.fr\/wp-content\/uploads\/2025\/09\/DSCF8756-1-1025x1536.jpg 1025w, https:\/\/www.sportpassionbondues.fr\/wp-content\/uploads\/2025\/09\/DSCF8756-1-180x270.jpg 180w, https:\/\/www.sportpassionbondues.fr\/wp-content\/uploads\/2025\/09\/DSCF8756-1.jpg 1334w\" sizes=\"auto, (max-width: 683px) 100vw, 683px\" \/><\/figure>\n<\/div>\n\n\n<p>Rejoignez-moi pour un moment dynamique et convivial !<\/p>\n\n\n\n<p>Charlotte<\/p>\n","protected":false},"excerpt":{"rendered":"<p>Apr\u00e8s 20 ans d\u2019exp\u00e9rience en tant que d\u00e9coratrice d\u2019int\u00e9rieur, j\u2019ai ressenti le besoin de me recentrer sur l\u2019essentiel et de renouer avec ma v\u00e9ritable passion : la danse. Pratiquant la gymnastique et la danse depuis mon plus jeune \u00e2ge, j\u2019ai entrepris une reconversion professionnelle en suivant une formation d\u2019un an pour devenir coach fitness. Aujourd\u2019hui, je suis sp\u00e9cialis\u00e9e dans le fitness danse, le pilates, le renforcement musculaire et le cardio. Depuis un an, j\u2019ai la chance d\u2019exercer ce m\u00e9tier avec&#8230;<\/p>\n<p class=\"read-more\"><a class=\"btn btn-default\" href=\"https:\/\/www.sportpassionbondues.fr\/index.php\/charlotte-dekeyser\/\">Lire la suite<span class=\"screen-reader-text\"> Lire la suite<\/span><\/a><\/p>\n","protected":false},"author":1,"featured_media":0,"parent":0,"menu_order":0,"comment_status":"closed","ping_status":"closed","template":"","meta":{"footnotes":""},"class_list":["post-647","page","type-page","status-publish","hentry"],"_links":{"self":[{"href":"https:\/\/www.sportpassionbondues.fr\/index.php\/wp-json\/wp\/v2\/pages\/647","targetHints":{"allow":["GET"]}}],"collection":[{"href":"https:\/\/www.sportpassionbondues.fr\/index.php\/wp-json\/wp\/v2\/pages"}],"about":[{"href":"https:\/\/www.sportpassionbondues.fr\/index.php\/wp-json\/wp\/v2\/types\/page"}],"author":[{"embeddable":true,"href":"https:\/\/www.sportpassionbondues.fr\/index.php\/wp-json\/wp\/v2\/users\/1"}],"replies":[{"embeddable":true,"href":"https:\/\/www.sportpassionbondues.fr\/index.php\/wp-json\/wp\/v2\/comments?post=647"}],"version-history":[{"count":5,"href":"https:\/\/www.sportpassionbondues.fr\/index.php\/wp-json\/wp\/v2\/pages\/647\/revisions"}],"predecessor-version":[{"id":659,"href":"https:\/\/www.sportpassionbondues.fr\/index.php\/wp-json\/wp\/v2\/pages\/647\/revisions\/659"}],"wp:attachment":[{"href":"https:\/\/www.sportpassionbondues.fr\/index.php\/wp-json\/wp\/v2\/media?parent=647"}],"curies":[{"name":"wp","href":"https:\/\/api.w.org\/{rel}","templated":true}]}}