{"id":65,"date":"2022-09-09T08:17:14","date_gmt":"2022-09-09T06:17:14","guid":{"rendered":"https:\/\/www.sportpassionbondues.fr\/?page_id=65"},"modified":"2022-09-09T08:17:14","modified_gmt":"2022-09-09T06:17:14","slug":"les-educateurs-sportifs","status":"publish","type":"page","link":"https:\/\/www.sportpassionbondues.fr\/index.php\/les-educateurs-sportifs\/","title":{"rendered":"Les \u00e9ducateurs sportifs"},"content":{"rendered":"\n<p>L&rsquo;adh\u00e9sion \u00e0 Sport Passion Bondues permet d&rsquo;acc\u00e9der \u00e0 l&rsquo;ensemble des cours (cf le planning des cours).<\/p>\n\n\n\n<p>Quel cours choisir ?<\/p>\n\n\n\n<p>\u21d2 dans la rubrique \u00e9ducateurs sportifs, cliquez sur le nom du professeur pour lire ce qu&rsquo;il vous propose dans son cours.<\/p>\n","protected":false},"excerpt":{"rendered":"<p>L&rsquo;adh\u00e9sion \u00e0 Sport Passion Bondues permet d&rsquo;acc\u00e9der \u00e0 l&rsquo;ensemble des cours (cf le planning des cours). Quel cours choisir ? \u21d2 dans la rubrique \u00e9ducateurs sportifs, cliquez sur le nom du professeur pour lire ce qu&rsquo;il vous propose dans son cours.<\/p>\n","protected":false},"author":1,"featured_media":0,"parent":0,"menu_order":0,"comment_status":"closed","ping_status":"closed","template":"","meta":{"footnotes":""},"class_list":["post-65","page","type-page","status-publish","hentry"],"_links":{"self":[{"href":"https:\/\/www.sportpassionbondues.fr\/index.php\/wp-json\/wp\/v2\/pages\/65","targetHints":{"allow":["GET"]}}],"collection":[{"href":"https:\/\/www.sportpassionbondues.fr\/index.php\/wp-json\/wp\/v2\/pages"}],"about":[{"href":"https:\/\/www.sportpassionbondues.fr\/index.php\/wp-json\/wp\/v2\/types\/page"}],"author":[{"embeddable":true,"href":"https:\/\/www.sportpassionbondues.fr\/index.php\/wp-json\/wp\/v2\/users\/1"}],"replies":[{"embeddable":true,"href":"https:\/\/www.sportpassionbondues.fr\/index.php\/wp-json\/wp\/v2\/comments?post=65"}],"version-history":[{"count":1,"href":"https:\/\/www.sportpassionbondues.fr\/index.php\/wp-json\/wp\/v2\/pages\/65\/revisions"}],"predecessor-version":[{"id":66,"href":"https:\/\/www.sportpassionbondues.fr\/index.php\/wp-json\/wp\/v2\/pages\/65\/revisions\/66"}],"wp:attachment":[{"href":"https:\/\/www.sportpassionbondues.fr\/index.php\/wp-json\/wp\/v2\/media?parent=65"}],"curies":[{"name":"wp","href":"https:\/\/api.w.org\/{rel}","templated":true}]}}