{"id":7,"date":"2021-09-17T18:51:15","date_gmt":"2021-09-17T16:51:15","guid":{"rendered":"https:\/\/www.sportpassionbondues.fr\/?page_id=7"},"modified":"2025-08-21T13:33:49","modified_gmt":"2025-08-21T11:33:49","slug":"reglement-interieur","status":"publish","type":"page","link":"https:\/\/www.sportpassionbondues.fr\/index.php\/reglement-interieur\/","title":{"rendered":"R\u00e8glement int\u00e9rieur"},"content":{"rendered":"\n<p><\/p>\n\n\n\n<h1 class=\"wp-block-heading\"><\/h1>\n\n\n\n<p>Sport Passion Bondues est une association sans but lucratif, dont le but est de \u00ab promouvoir la pratique du sport \u00e0 Bondues \u00bb, elle est g\u00e9r\u00e9e par un conseil d\u2019administration et son bureau compos\u00e9 de 4 membres b\u00e9n\u00e9voles.<\/p>\n\n\n\n<p>L\u2019association est ouverte \u00e0 tout adh\u00e9rent \u00e0 jour de sa cotisation et muni de sa carte qu\u2019il doit \u00eatre en mesure de pr\u00e9senter lors des contr\u00f4les effectu\u00e9s occasionnellement par les membres du conseil d\u2019administration, les membres du bureau, les professeurs ou tout autre membre mandat\u00e9 pour cela.<br>La cotisation couvre les frais de l\u2019association engag\u00e9s pour l\u2019ann\u00e9e et ne peut donc faire l\u2019objet d\u2019un remboursement pour quelque raison que ce soit.<\/p>\n\n\n\n<p>Nous vous demandons express\u00e9ment :<\/p>\n\n\n\n<p>\u2013 de d\u00e9poser visiblement <strong>votre carte d\u2019adh\u00e9rent<\/strong> sur votre tapis.<br>\u2013 de vous pr\u00e9senter avec des <strong>chaussures r\u00e9serv\u00e9es aux activit\u00e9s sportives en salle<\/strong>, dont les semelles sont propres, diff\u00e9rentes de celles avec lesquelles vous circulez.<br>\u2013 de <strong>ne pas perturber les cours par des bavardages<\/strong> incessants qui g\u00eanent \u00e0 la fois les professeurs et les autres adh\u00e9rents.<br>\u2013 de <strong>ranger soigneusement le mat\u00e9riel<\/strong> que vous avez utilis\u00e9.<br>\u2013 de <strong>vous munir d\u2019une serviette \u00e9ponge<\/strong> pour les activit\u00e9s au sol sur les tapis.<br>\u2013 d\u2019<strong>\u00e9teindre les t\u00e9l\u00e9phones<\/strong> portables dans la salle.<br>\u2013 de <strong>respecter les horaires des cours<\/strong>, tant au d\u00e9but qu\u2019\u00e0 la fin, un cours d\u00e9butant en g\u00e9n\u00e9ral par un \u00e9chauffement et se terminant par des \u00e9tirements.<\/p>\n\n\n\n<p>Enfin nous vous rappelons que les enfants ne sont pas admis dans les salles de cours.<\/p>\n\n\n\n<p>Nous nous r\u00e9servons le droit d\u2019exclure de Sport Passion Bondues tout adh\u00e9rent ne respectant d\u00e9lib\u00e9r\u00e9ment pas ces consignes pour la bonne marche de l\u2019association.<\/p>\n","protected":false},"excerpt":{"rendered":"<p>Sport Passion Bondues est une association sans but lucratif, dont le but est de \u00ab promouvoir la pratique du sport \u00e0 Bondues \u00bb, elle est g\u00e9r\u00e9e par un conseil d\u2019administration et son bureau compos\u00e9 de 4 membres b\u00e9n\u00e9voles. L\u2019association est ouverte \u00e0 tout adh\u00e9rent \u00e0 jour de sa cotisation et muni de sa carte qu\u2019il doit \u00eatre en mesure de pr\u00e9senter lors des contr\u00f4les effectu\u00e9s occasionnellement par les membres du conseil d\u2019administration, les membres du bureau, les professeurs ou tout&#8230;<\/p>\n<p class=\"read-more\"><a class=\"btn btn-default\" href=\"https:\/\/www.sportpassionbondues.fr\/index.php\/reglement-interieur\/\">Lire la suite<span class=\"screen-reader-text\"> Lire la suite<\/span><\/a><\/p>\n","protected":false},"author":1,"featured_media":0,"parent":0,"menu_order":0,"comment_status":"closed","ping_status":"closed","template":"","meta":{"footnotes":""},"class_list":["post-7","page","type-page","status-publish","hentry"],"_links":{"self":[{"href":"https:\/\/www.sportpassionbondues.fr\/index.php\/wp-json\/wp\/v2\/pages\/7","targetHints":{"allow":["GET"]}}],"collection":[{"href":"https:\/\/www.sportpassionbondues.fr\/index.php\/wp-json\/wp\/v2\/pages"}],"about":[{"href":"https:\/\/www.sportpassionbondues.fr\/index.php\/wp-json\/wp\/v2\/types\/page"}],"author":[{"embeddable":true,"href":"https:\/\/www.sportpassionbondues.fr\/index.php\/wp-json\/wp\/v2\/users\/1"}],"replies":[{"embeddable":true,"href":"https:\/\/www.sportpassionbondues.fr\/index.php\/wp-json\/wp\/v2\/comments?post=7"}],"version-history":[{"count":5,"href":"https:\/\/www.sportpassionbondues.fr\/index.php\/wp-json\/wp\/v2\/pages\/7\/revisions"}],"predecessor-version":[{"id":619,"href":"https:\/\/www.sportpassionbondues.fr\/index.php\/wp-json\/wp\/v2\/pages\/7\/revisions\/619"}],"wp:attachment":[{"href":"https:\/\/www.sportpassionbondues.fr\/index.php\/wp-json\/wp\/v2\/media?parent=7"}],"curies":[{"name":"wp","href":"https:\/\/api.w.org\/{rel}","templated":true}]}}