{"id":9,"date":"2025-02-09T12:13:21","date_gmt":"2025-02-09T11:13:21","guid":{"rendered":"https:\/\/www.sportpassionbondues.fr\/?page_id=9"},"modified":"2025-12-15T22:22:00","modified_gmt":"2025-12-15T21:22:00","slug":"composition-du-bureau-et-conseil-dadministration-sport-passion-bondues","status":"publish","type":"page","link":"https:\/\/www.sportpassionbondues.fr\/index.php\/composition-du-bureau-et-conseil-dadministration-sport-passion-bondues\/","title":{"rendered":"Bureau et Conseil d\u2019Administration"},"content":{"rendered":"\n<h1 class=\"wp-block-heading\"><\/h1>\n\n\n\n<p>L\u2019Association Sport Passion Bondues est g\u00e9r\u00e9e par un conseil d\u2019administration et&nbsp;un bureau compos\u00e9s de 13 membres b\u00e9n\u00e9voles.<\/p>\n\n\n\n<p><strong>LE BUREAU<\/strong> :<\/p>\n\n\n\n<div class=\"wp-block-group is-vertical is-layout-flex wp-container-core-group-is-layout-8cf370e7 wp-block-group-is-layout-flex\"><\/div>\n\n\n\n<figure class=\"wp-block-image size-large is-style-rounded\"><img loading=\"lazy\" decoding=\"async\" width=\"1024\" height=\"768\" src=\"https:\/\/www.sportpassionbondues.fr\/wp-content\/uploads\/2025\/12\/IMG_9509-1-1024x768.jpeg\" alt=\"\" class=\"wp-image-741\" srcset=\"https:\/\/www.sportpassionbondues.fr\/wp-content\/uploads\/2025\/12\/IMG_9509-1-1024x768.jpeg 1024w, https:\/\/www.sportpassionbondues.fr\/wp-content\/uploads\/2025\/12\/IMG_9509-1-300x225.jpeg 300w, https:\/\/www.sportpassionbondues.fr\/wp-content\/uploads\/2025\/12\/IMG_9509-1-768x576.jpeg 768w, https:\/\/www.sportpassionbondues.fr\/wp-content\/uploads\/2025\/12\/IMG_9509-1-1536x1152.jpeg 1536w, https:\/\/www.sportpassionbondues.fr\/wp-content\/uploads\/2025\/12\/IMG_9509-1-2048x1536.jpeg 2048w, https:\/\/www.sportpassionbondues.fr\/wp-content\/uploads\/2025\/12\/IMG_9509-1-360x270.jpeg 360w\" sizes=\"auto, (max-width: 1024px) 100vw, 1024px\" \/><\/figure>\n\n\n\n<p>Pr\u00e9sidente<br>S\u00e9verine PICK<\/p>\n\n\n\n<p>Vice-Pr\u00e9sidente<br>Laurence LAMBIN<\/p>\n\n\n\n<p>Secr\u00e9taire<br>Anne-C\u00e9cile DELADERIERE<\/p>\n\n\n\n<p>Tr\u00e9sorier<br>Roland HAUET<\/p>\n\n\n\n<p><strong>LE CONSEIL D\u2019ADMINISTRATION<\/strong> : se compose de 9 membres b\u00e9n\u00e9voles<\/p>\n\n\n\n<p class=\"has-text-align-center\"><mark style=\"background-color:rgba(0, 0, 0, 0)\" class=\"has-inline-color has-black-color\"><strong>L\u2019\u00e9quipe <\/strong><\/mark><\/p>\n\n\n\n<p class=\"has-text-align-center\"><mark style=\"background-color:rgba(0, 0, 0, 0)\" class=\"has-inline-color has-black-color\">(malheureusement pas au complet)<\/mark><\/p>\n\n\n\n<figure class=\"wp-block-image size-large\"><img loading=\"lazy\" decoding=\"async\" width=\"1024\" height=\"768\" src=\"https:\/\/www.sportpassionbondues.fr\/wp-content\/uploads\/2025\/12\/IMG_0067-1024x768.jpeg\" alt=\"\" class=\"wp-image-731\" srcset=\"https:\/\/www.sportpassionbondues.fr\/wp-content\/uploads\/2025\/12\/IMG_0067-1024x768.jpeg 1024w, https:\/\/www.sportpassionbondues.fr\/wp-content\/uploads\/2025\/12\/IMG_0067-300x225.jpeg 300w, https:\/\/www.sportpassionbondues.fr\/wp-content\/uploads\/2025\/12\/IMG_0067-768x576.jpeg 768w, https:\/\/www.sportpassionbondues.fr\/wp-content\/uploads\/2025\/12\/IMG_0067-1536x1152.jpeg 1536w, https:\/\/www.sportpassionbondues.fr\/wp-content\/uploads\/2025\/12\/IMG_0067-2048x1536.jpeg 2048w, https:\/\/www.sportpassionbondues.fr\/wp-content\/uploads\/2025\/12\/IMG_0067-360x270.jpeg 360w\" sizes=\"auto, (max-width: 1024px) 100vw, 1024px\" \/><\/figure>\n\n\n\n<p>Patrick-Henri, Anne-C\u00e9cile, S\u00e9verine, Sylvie, Dani\u00e8le, Laurence, Corinne, Olivier, Dominique, Odile.<\/p>\n\n\n\n<p> Il manque, Marie, Roland, B\u00e9atrice<\/p>\n\n\n\n<p><\/p>\n","protected":false},"excerpt":{"rendered":"<p>L\u2019Association Sport Passion Bondues est g\u00e9r\u00e9e par un conseil d\u2019administration et&nbsp;un bureau compos\u00e9s de 13 membres b\u00e9n\u00e9voles. LE BUREAU : Pr\u00e9sidenteS\u00e9verine PICK Vice-Pr\u00e9sidenteLaurence LAMBIN Secr\u00e9taireAnne-C\u00e9cile DELADERIERE Tr\u00e9sorierRoland HAUET LE CONSEIL D\u2019ADMINISTRATION : se compose de 9 membres b\u00e9n\u00e9voles L\u2019\u00e9quipe (malheureusement pas au complet) Patrick-Henri, Anne-C\u00e9cile, S\u00e9verine, Sylvie, Dani\u00e8le, Laurence, Corinne, Olivier, Dominique, Odile. Il manque, Marie, Roland, B\u00e9atrice<\/p>\n","protected":false},"author":1,"featured_media":0,"parent":0,"menu_order":0,"comment_status":"closed","ping_status":"closed","template":"","meta":{"footnotes":""},"class_list":["post-9","page","type-page","status-publish","hentry"],"_links":{"self":[{"href":"https:\/\/www.sportpassionbondues.fr\/index.php\/wp-json\/wp\/v2\/pages\/9","targetHints":{"allow":["GET"]}}],"collection":[{"href":"https:\/\/www.sportpassionbondues.fr\/index.php\/wp-json\/wp\/v2\/pages"}],"about":[{"href":"https:\/\/www.sportpassionbondues.fr\/index.php\/wp-json\/wp\/v2\/types\/page"}],"author":[{"embeddable":true,"href":"https:\/\/www.sportpassionbondues.fr\/index.php\/wp-json\/wp\/v2\/users\/1"}],"replies":[{"embeddable":true,"href":"https:\/\/www.sportpassionbondues.fr\/index.php\/wp-json\/wp\/v2\/comments?post=9"}],"version-history":[{"count":18,"href":"https:\/\/www.sportpassionbondues.fr\/index.php\/wp-json\/wp\/v2\/pages\/9\/revisions"}],"predecessor-version":[{"id":750,"href":"https:\/\/www.sportpassionbondues.fr\/index.php\/wp-json\/wp\/v2\/pages\/9\/revisions\/750"}],"wp:attachment":[{"href":"https:\/\/www.sportpassionbondues.fr\/index.php\/wp-json\/wp\/v2\/media?parent=9"}],"curies":[{"name":"wp","href":"https:\/\/api.w.org\/{rel}","templated":true}]}}